{"id":6,"date":"2024-11-14T13:41:17","date_gmt":"2024-11-14T13:41:17","guid":{"rendered":"https:\/\/apctus.org\/WEB\/home\/"},"modified":"2025-04-02T22:40:51","modified_gmt":"2025-04-02T22:40:51","slug":"inicio","status":"publish","type":"page","link":"https:\/\/apctus.org\/WEB\/","title":{"rendered":"Inicio"},"content":{"rendered":"\t\t<div data-elementor-type=\"wp-page\" data-elementor-id=\"6\" class=\"elementor elementor-6\">\n\t\t\t\t<div class=\"elementor-element elementor-element-4b41ff0 e-flex e-con-boxed e-con e-parent\" data-id=\"4b41ff0\" data-element_type=\"container\" data-settings=\"{&quot;background_background&quot;:&quot;classic&quot;}\">\n\t\t\t\t\t<div class=\"e-con-inner\">\n\t\t<div class=\"elementor-element elementor-element-1de03b1 e-con-full e-flex e-con e-child\" data-id=\"1de03b1\" data-element_type=\"container\">\n\t\t\t\t<div class=\"elementor-element elementor-element-b3df98a elementor-widget elementor-widget-heading\" data-id=\"b3df98a\" data-element_type=\"widget\" data-widget_type=\"heading.default\">\n\t\t\t\t<div class=\"elementor-widget-container\">\n\t\t\t<h6 class=\"elementor-heading-title elementor-size-default\">Bienvenidos<\/h6>\t\t<\/div>\n\t\t\t\t<\/div>\n\t\t\t\t<div class=\"elementor-element elementor-element-90fa03b elementor-align-center elementor-widget elementor-widget-button\" data-id=\"90fa03b\" data-element_type=\"widget\" data-widget_type=\"button.default\">\n\t\t\t\t<div class=\"elementor-widget-container\">\n\t\t\t\t\t\t\t<div class=\"elementor-button-wrapper\">\n\t\t\t\t\t<a class=\"elementor-button elementor-button-link elementor-size-sm\" href=\"http:\/\/wa.me\/+595%20986%20511151\">\n\t\t\t\t\t\t<span class=\"elementor-button-content-wrapper\">\n\t\t\t\t\t\t<span class=\"elementor-button-icon\">\n\t\t\t\t<svg aria-hidden=\"true\" class=\"e-font-icon-svg e-fas-phone-alt\" viewBox=\"0 0 512 512\" xmlns=\"http:\/\/www.w3.org\/2000\/svg\"><path d=\"M497.39 361.8l-112-48a24 24 0 0 0-28 6.9l-49.6 60.6A370.66 370.66 0 0 1 130.6 204.11l60.6-49.6a23.94 23.94 0 0 0 6.9-28l-48-112A24.16 24.16 0 0 0 122.6.61l-104 24A24 24 0 0 0 0 48c0 256.5 207.9 464 464 464a24 24 0 0 0 23.4-18.6l24-104a24.29 24.29 0 0 0-14.01-27.6z\"><\/path><\/svg>\t\t\t<\/span>\n\t\t\t\t\t\t\t\t\t<span class=\"elementor-button-text\">cont\u00e1ctanos!<\/span>\n\t\t\t\t\t<\/span>\n\t\t\t\t\t<\/a>\n\t\t\t\t<\/div>\n\t\t\t\t\t\t<\/div>\n\t\t\t\t<\/div>\n\t\t\t\t<\/div>\n\t\t\t\t\t<\/div>\n\t\t\t\t<\/div>\n\t\t<div class=\"elementor-element elementor-element-9aef64f e-flex e-con-boxed e-con e-parent\" data-id=\"9aef64f\" data-element_type=\"container\" data-settings=\"{&quot;background_background&quot;:&quot;classic&quot;}\">\n\t\t\t\t\t<div class=\"e-con-inner\">\n\t\t<div class=\"elementor-element elementor-element-eb814d2 e-con-full e-flex e-con e-child\" data-id=\"eb814d2\" data-element_type=\"container\">\n\t\t\t\t<div class=\"elementor-element elementor-element-2aca92b elementor-widget elementor-widget-image\" data-id=\"2aca92b\" data-element_type=\"widget\" data-widget_type=\"image.default\">\n\t\t\t\t<div class=\"elementor-widget-container\">\n\t\t\t\t\t\t\t\t\t\t\t\t\t<img fetchpriority=\"high\" decoding=\"async\" width=\"768\" height=\"690\" src=\"https:\/\/apctus.org\/WEB\/wp-content\/uploads\/2024\/11\/cropped-ads-instagranm-2-138x124.png\" class=\"elementor-animation-float attachment-medium_large size-medium_large wp-image-1276\" alt=\"\" srcset=\"https:\/\/apctus.org\/WEB\/wp-content\/uploads\/2024\/11\/cropped-ads-instagranm-2-768x690.png 768w, https:\/\/apctus.org\/WEB\/wp-content\/uploads\/2024\/11\/cropped-ads-instagranm-2-300x270.png 300w, https:\/\/apctus.org\/WEB\/wp-content\/uploads\/2024\/11\/cropped-ads-instagranm-2-1024x921.png 1024w, https:\/\/apctus.org\/WEB\/wp-content\/uploads\/2024\/11\/cropped-ads-instagranm-2-138x124.png 138w, https:\/\/apctus.org\/WEB\/wp-content\/uploads\/2024\/11\/cropped-ads-instagranm-2.png 1079w\" sizes=\"(max-width: 768px) 100vw, 768px\" \/>\t\t\t\t\t\t\t\t\t\t\t\t\t<\/div>\n\t\t\t\t<\/div>\n\t\t\t\t<\/div>\n\t\t<div class=\"elementor-element elementor-element-8bc7cb5 e-con-full e-flex e-con e-child\" data-id=\"8bc7cb5\" data-element_type=\"container\">\n\t\t\t\t<div class=\"elementor-element elementor-element-8042b08 elementor-widget elementor-widget-spacer\" data-id=\"8042b08\" data-element_type=\"widget\" data-widget_type=\"spacer.default\">\n\t\t\t\t<div class=\"elementor-widget-container\">\n\t\t\t\t\t<div class=\"elementor-spacer\">\n\t\t\t<div class=\"elementor-spacer-inner\"><\/div>\n\t\t<\/div>\n\t\t\t\t<\/div>\n\t\t\t\t<\/div>\n\t\t\t\t<div class=\"elementor-element elementor-element-ed160a2 elementor-widget elementor-widget-icon-box\" data-id=\"ed160a2\" data-element_type=\"widget\" data-widget_type=\"icon-box.default\">\n\t\t\t\t<div class=\"elementor-widget-container\">\n\t\t\t\t\t<div class=\"elementor-icon-box-wrapper\">\n\n\t\t\t\n\t\t\t\t\t\t<div class=\"elementor-icon-box-content\">\n\n\t\t\t\t\t\t\t\t\t<h2 class=\"elementor-icon-box-title\">\n\t\t\t\t\t\t<span  >\n\t\t\t\t\t\t\t\u00bfQui\u00e9nes Somos?\t\t\t\t\t\t<\/span>\n\t\t\t\t\t<\/h2>\n\t\t\t\t\n\t\t\t\t\t\t\t\t\t<p class=\"elementor-icon-box-description\">\n\t\t\t\t\t\tSomos un grupo de profesionales formados en Consejer\u00eda de Adicciones TUS, Trastornos por Usos de Sustancias, basados en la evidencia cient\u00edfica fundamentado en Plan Colombo,qu\u00e9 busca asistir a personas usuarias con TUS y a sus familias..\t\t\t\t\t<\/p>\n\t\t\t\t\n\t\t\t<\/div>\n\t\t\t\n\t\t<\/div>\n\t\t\t\t<\/div>\n\t\t\t\t<\/div>\n\t\t\t\t<div class=\"elementor-element elementor-element-9e711c1 elementor-widget elementor-widget-button\" data-id=\"9e711c1\" data-element_type=\"widget\" data-widget_type=\"button.default\">\n\t\t\t\t<div class=\"elementor-widget-container\">\n\t\t\t\t\t\t\t<div class=\"elementor-button-wrapper\">\n\t\t\t\t\t<a class=\"elementor-button elementor-button-link elementor-size-sm\" href=\"https:\/\/apctus.org\/WEB\/nosotros\/\">\n\t\t\t\t\t\t<span class=\"elementor-button-content-wrapper\">\n\t\t\t\t\t\t\t\t\t<span class=\"elementor-button-text\">Ver m\u00e1s<\/span>\n\t\t\t\t\t<\/span>\n\t\t\t\t\t<\/a>\n\t\t\t\t<\/div>\n\t\t\t\t\t\t<\/div>\n\t\t\t\t<\/div>\n\t\t\t\t<\/div>\n\t\t\t\t\t<\/div>\n\t\t\t\t<\/div>\n\t\t<div class=\"elementor-element elementor-element-c386dd1 e-flex e-con-boxed e-con e-parent\" data-id=\"c386dd1\" data-element_type=\"container\" data-settings=\"{&quot;background_background&quot;:&quot;classic&quot;}\">\n\t\t\t\t\t<div class=\"e-con-inner\">\n\t\t<div class=\"elementor-element elementor-element-ee16ebb e-con-full e-flex e-con e-child\" data-id=\"ee16ebb\" data-element_type=\"container\">\n\t\t<div class=\"elementor-element elementor-element-55a84cf e-flex e-con-boxed e-con e-child\" data-id=\"55a84cf\" data-element_type=\"container\">\n\t\t\t\t\t<div class=\"e-con-inner\">\n\t\t\t\t\t<\/div>\n\t\t\t\t<\/div>\n\t\t<div class=\"elementor-element elementor-element-0c57e59 e-con-full e-flex e-con e-child\" data-id=\"0c57e59\" data-element_type=\"container\">\n\t\t\t\t<div class=\"elementor-element elementor-element-34aa2a9 elementor-widget elementor-widget-image\" data-id=\"34aa2a9\" data-element_type=\"widget\" data-widget_type=\"image.default\">\n\t\t\t\t<div class=\"elementor-widget-container\">\n\t\t\t\t\t\t\t\t\t\t\t\t\t<img decoding=\"async\" width=\"1024\" height=\"768\" src=\"https:\/\/apctus.org\/WEB\/wp-content\/uploads\/2024\/11\/WhatsApp-Image-2024-11-15-at-08.57.01.jpeg\" class=\"attachment-large size-large wp-image-1386\" alt=\"\" srcset=\"https:\/\/apctus.org\/WEB\/wp-content\/uploads\/2024\/11\/WhatsApp-Image-2024-11-15-at-08.57.01.jpeg 1024w, https:\/\/apctus.org\/WEB\/wp-content\/uploads\/2024\/11\/WhatsApp-Image-2024-11-15-at-08.57.01-300x225.jpeg 300w, https:\/\/apctus.org\/WEB\/wp-content\/uploads\/2024\/11\/WhatsApp-Image-2024-11-15-at-08.57.01-768x576.jpeg 768w\" sizes=\"(max-width: 1024px) 100vw, 1024px\" \/>\t\t\t\t\t\t\t\t\t\t\t\t\t<\/div>\n\t\t\t\t<\/div>\n\t\t\t\t<\/div>\n\t\t\t\t<\/div>\n\t\t\t\t\t<\/div>\n\t\t\t\t<\/div>\n\t\t<div class=\"elementor-element elementor-element-401e53d e-flex e-con-boxed e-con e-parent\" data-id=\"401e53d\" data-element_type=\"container\">\n\t\t\t\t\t<div class=\"e-con-inner\">\n\t\t<div class=\"elementor-element elementor-element-5a6c8fd e-con-full e-flex e-con e-child\" data-id=\"5a6c8fd\" data-element_type=\"container\">\n\t\t\t\t<div class=\"elementor-element elementor-element-a299714 elementor-align-center elementor-widget elementor-widget-button\" data-id=\"a299714\" data-element_type=\"widget\" data-widget_type=\"button.default\">\n\t\t\t\t<div class=\"elementor-widget-container\">\n\t\t\t\t\t\t\t<div class=\"elementor-button-wrapper\">\n\t\t\t\t\t<a class=\"elementor-button elementor-button-link elementor-size-sm\" href=\"https:\/\/apctus.org\/WEB\/wp-content\/uploads\/2024\/11\/Ficha-de-INGRESO-APCTUS.docx\">\n\t\t\t\t\t\t<span class=\"elementor-button-content-wrapper\">\n\t\t\t\t\t\t<span class=\"elementor-button-icon\">\n\t\t\t\t<svg aria-hidden=\"true\" class=\"e-font-icon-svg e-fas-file-download\" viewBox=\"0 0 384 512\" xmlns=\"http:\/\/www.w3.org\/2000\/svg\"><path d=\"M224 136V0H24C10.7 0 0 10.7 0 24v464c0 13.3 10.7 24 24 24h336c13.3 0 24-10.7 24-24V160H248c-13.2 0-24-10.8-24-24zm76.45 211.36l-96.42 95.7c-6.65 6.61-17.39 6.61-24.04 0l-96.42-95.7C73.42 337.29 80.54 320 94.82 320H160v-80c0-8.84 7.16-16 16-16h32c8.84 0 16 7.16 16 16v80h65.18c14.28 0 21.4 17.29 11.27 27.36zM377 105L279.1 7c-4.5-4.5-10.6-7-17-7H256v128h128v-6.1c0-6.3-2.5-12.4-7-16.9z\"><\/path><\/svg>\t\t\t<\/span>\n\t\t\t\t\t\t\t\t\t<span class=\"elementor-button-text\">Descargar formulario<\/span>\n\t\t\t\t\t<\/span>\n\t\t\t\t\t<\/a>\n\t\t\t\t<\/div>\n\t\t\t\t\t\t<\/div>\n\t\t\t\t<\/div>\n\t\t\t\t<\/div>\n\t\t\t\t\t<\/div>\n\t\t\t\t<\/div>\n\t\t<div class=\"elementor-element elementor-element-af9d763 e-flex e-con-boxed e-con e-parent\" data-id=\"af9d763\" data-element_type=\"container\" data-settings=\"{&quot;background_background&quot;:&quot;classic&quot;}\">\n\t\t\t\t\t<div class=\"e-con-inner\">\n\t\t\t\t<div class=\"elementor-element elementor-element-15386c4 elementor-widget elementor-widget-heading\" data-id=\"15386c4\" data-element_type=\"widget\" data-widget_type=\"heading.default\">\n\t\t\t\t<div class=\"elementor-widget-container\">\n\t\t\t<h2 class=\"elementor-heading-title elementor-size-default\">Observaci\u00f3n<\/h2>\t\t<\/div>\n\t\t\t\t<\/div>\n\t\t\t\t<div class=\"elementor-element elementor-element-b6d1fca elementor-widget elementor-widget-text-editor\" data-id=\"b6d1fca\" data-element_type=\"widget\" data-widget_type=\"text-editor.default\">\n\t\t\t\t<div class=\"elementor-widget-container\">\n\t\t\t\t\t\t\t<ol><li>Escribir con letra imprenta los datos a consignar en la presente solicitud.<\/li><li>Adjuntar:<\/li><\/ol><ul><li>Fotocopia autenticada del Diploma de Consejer\u00eda en Adiciones UTC\/PLAN COLOMBO.<\/li><li>Antecedentes judiciales emitidos por la autoridad competente.<\/li><li>Fotocopia autenticada de la c\u00e9dula de identidad actualizada.<\/li><li>Dos (dos) foto tipo carnet 3&#215;3.<\/li><\/ul><p>\u00a0 \u00a0 \u00a0 \u00a0 3. Abonar UNA CUOTA como derecho de inscripci\u00f3n, no reembolsable, y de ser aprobado su ingreso, v\u00e1lido como primera cuota.<\/p>\t\t\t\t\t\t<\/div>\n\t\t\t\t<\/div>\n\t\t\t\t<div class=\"elementor-element elementor-element-c680b7a elementor-widget elementor-widget-heading\" data-id=\"c680b7a\" data-element_type=\"widget\" data-widget_type=\"heading.default\">\n\t\t\t\t<div class=\"elementor-widget-container\">\n\t\t\t<h2 class=\"elementor-heading-title elementor-size-default\">Aranceles - Cuota Social<\/h2>\t\t<\/div>\n\t\t\t\t<\/div>\n\t\t<div class=\"elementor-element elementor-element-7267ed0 e-con-full e-flex e-con e-child\" data-id=\"7267ed0\" data-element_type=\"container\">\n\t\t<div class=\"elementor-element elementor-element-9c58b78 e-con-full e-flex e-con e-child\" data-id=\"9c58b78\" data-element_type=\"container\">\n\t\t\t\t<\/div>\n\t\t<div class=\"elementor-element elementor-element-29a5b65 e-con-full e-flex e-con e-child\" data-id=\"29a5b65\" data-element_type=\"container\">\n\t\t\t\t<div class=\"elementor-element elementor-element-5e56a96 elementor-widget__width-initial elementor-icon-list--layout-traditional elementor-list-item-link-full_width elementor-widget elementor-widget-icon-list\" data-id=\"5e56a96\" data-element_type=\"widget\" data-widget_type=\"icon-list.default\">\n\t\t\t\t<div class=\"elementor-widget-container\">\n\t\t\t\t\t<ul class=\"elementor-icon-list-items\">\n\t\t\t\t\t\t\t<li class=\"elementor-icon-list-item\">\n\t\t\t\t\t\t\t\t\t\t\t<span class=\"elementor-icon-list-icon\">\n\t\t\t\t\t\t\t<svg aria-hidden=\"true\" class=\"e-font-icon-svg e-fas-money-bill-wave-alt\" viewBox=\"0 0 640 512\" xmlns=\"http:\/\/www.w3.org\/2000\/svg\"><path d=\"M621.16 54.46C582.37 38.19 543.55 32 504.75 32c-123.17-.01-246.33 62.34-369.5 62.34-30.89 0-61.76-3.92-92.65-13.72-3.47-1.1-6.95-1.62-10.35-1.62C15.04 79 0 92.32 0 110.81v317.26c0 12.63 7.23 24.6 18.84 29.46C57.63 473.81 96.45 480 135.25 480c123.17 0 246.34-62.35 369.51-62.35 30.89 0 61.76 3.92 92.65 13.72 3.47 1.1 6.95 1.62 10.35 1.62 17.21 0 32.25-13.32 32.25-31.81V83.93c-.01-12.64-7.24-24.6-18.85-29.47zM320 352c-44.19 0-80-42.99-80-96 0-53.02 35.82-96 80-96s80 42.98 80 96c0 53.03-35.83 96-80 96z\"><\/path><\/svg>\t\t\t\t\t\t<\/span>\n\t\t\t\t\t\t\t\t\t\t<span class=\"elementor-icon-list-text\">Mensual: 25.000gs<\/span>\n\t\t\t\t\t\t\t\t\t<\/li>\n\t\t\t\t\t\t\t\t<li class=\"elementor-icon-list-item\">\n\t\t\t\t\t\t\t\t\t\t\t<span class=\"elementor-icon-list-icon\">\n\t\t\t\t\t\t\t<svg aria-hidden=\"true\" class=\"e-font-icon-svg e-fas-money-bill-wave-alt\" viewBox=\"0 0 640 512\" xmlns=\"http:\/\/www.w3.org\/2000\/svg\"><path d=\"M621.16 54.46C582.37 38.19 543.55 32 504.75 32c-123.17-.01-246.33 62.34-369.5 62.34-30.89 0-61.76-3.92-92.65-13.72-3.47-1.1-6.95-1.62-10.35-1.62C15.04 79 0 92.32 0 110.81v317.26c0 12.63 7.23 24.6 18.84 29.46C57.63 473.81 96.45 480 135.25 480c123.17 0 246.34-62.35 369.51-62.35 30.89 0 61.76 3.92 92.65 13.72 3.47 1.1 6.95 1.62 10.35 1.62 17.21 0 32.25-13.32 32.25-31.81V83.93c-.01-12.64-7.24-24.6-18.85-29.47zM320 352c-44.19 0-80-42.99-80-96 0-53.02 35.82-96 80-96s80 42.98 80 96c0 53.03-35.83 96-80 96z\"><\/path><\/svg>\t\t\t\t\t\t<\/span>\n\t\t\t\t\t\t\t\t\t\t<span class=\"elementor-icon-list-text\">Anual: 300.000gs<\/span>\n\t\t\t\t\t\t\t\t\t<\/li>\n\t\t\t\t\t\t\t\t<li class=\"elementor-icon-list-item\">\n\t\t\t\t\t\t\t\t\t\t<span class=\"elementor-icon-list-text\">Los Socios Perder\u00e1n su calidad de asociado de acuerdo a lo estipulado en el Estatuto Social y Reglamento Interno de la APCTUS<\/span>\n\t\t\t\t\t\t\t\t\t<\/li>\n\t\t\t\t\t\t<\/ul>\n\t\t\t\t<\/div>\n\t\t\t\t<\/div>\n\t\t\t\t<\/div>\n\t\t<div class=\"elementor-element elementor-element-aa27f24 e-con-full e-flex e-con e-child\" data-id=\"aa27f24\" data-element_type=\"container\">\n\t\t\t\t<\/div>\n\t\t\t\t<\/div>\n\t\t\t\t\t<\/div>\n\t\t\t\t<\/div>\n\t\t<div class=\"elementor-element elementor-element-c2bed46 e-grid e-con-boxed e-con e-parent\" data-id=\"c2bed46\" data-element_type=\"container\">\n\t\t\t\t\t<div class=\"e-con-inner\">\n\t\t\t\t<div class=\"elementor-element elementor-element-d9b5ae7 elementor-widget elementor-widget-image\" data-id=\"d9b5ae7\" data-element_type=\"widget\" data-widget_type=\"image.default\">\n\t\t\t\t<div class=\"elementor-widget-container\">\n\t\t\t\t\t\t\t\t\t\t\t\t\t<img decoding=\"async\" width=\"734\" height=\"1024\" src=\"https:\/\/apctus.org\/WEB\/wp-content\/uploads\/2025\/03\/WhatsApp-Image-2025-03-17-at-13.01.16-1-734x1024.jpeg\" class=\"attachment-large size-large wp-image-1423\" alt=\"\" srcset=\"https:\/\/apctus.org\/WEB\/wp-content\/uploads\/2025\/03\/WhatsApp-Image-2025-03-17-at-13.01.16-1-734x1024.jpeg 734w, https:\/\/apctus.org\/WEB\/wp-content\/uploads\/2025\/03\/WhatsApp-Image-2025-03-17-at-13.01.16-1-215x300.jpeg 215w, https:\/\/apctus.org\/WEB\/wp-content\/uploads\/2025\/03\/WhatsApp-Image-2025-03-17-at-13.01.16-1-768x1071.jpeg 768w, https:\/\/apctus.org\/WEB\/wp-content\/uploads\/2025\/03\/WhatsApp-Image-2025-03-17-at-13.01.16-1.jpeg 918w\" sizes=\"(max-width: 734px) 100vw, 734px\" \/>\t\t\t\t\t\t\t\t\t\t\t\t\t<\/div>\n\t\t\t\t<\/div>\n\t\t\t\t<div class=\"elementor-element elementor-element-9662353 elementor-widget elementor-widget-heading\" data-id=\"9662353\" data-element_type=\"widget\" data-widget_type=\"heading.default\">\n\t\t\t\t<div class=\"elementor-widget-container\">\n\t\t\t<h6 class=\"elementor-heading-title elementor-size-default\">\ud83d\udce2 \u00a1Tu participaci\u00f3n es clave!\n\nEstimado\/a socio\/a, te invitamos a ser parte de nuestra Asamblea General Ordinaria, un espacio fundamental para la toma de decisiones y el crecimiento de nuestra asociaci\u00f3n. En esta reuni\u00f3n, trataremos puntos esenciales como el informe de la comisi\u00f3n directiva, la elecci\u00f3n de nuevos representantes, y la aprobaci\u00f3n del balance anual. Tu voz y voto son importantes para seguir construyendo juntos.\n\nNo faltes a esta cita el viernes 4 de abril de 2025, en el local de eventos ubicado en Choferes del Chaco N\u00b0 929, Asunci\u00f3n. Te esperamos a las 19:00 hs en primera convocatoria y a las 20:00 hs en segunda convocatoria. \u00a1Asegura tu presencia y contribuye al futuro de nuestra comunidad! \ud83d\udcc6\ud83d\udcac\n\nSi necesitas m\u00e1s informaci\u00f3n, comun\u00edcate al 0986511151.\n\n<\/h6>\t\t<\/div>\n\t\t\t\t<\/div>\n\t\t\t\t\t<\/div>\n\t\t\t\t<\/div>\n\t\t\t\t<\/div>\n\t\t","protected":false},"excerpt":{"rendered":"<p>Bienvenidos cont\u00e1ctanos! \u00bfQui\u00e9nes Somos? Somos un grupo de profesionales formados en Consejer\u00eda de Adicciones TUS, Trastornos por Usos de Sustancias, basados en la evidencia cient\u00edfica fundamentado en Plan Colombo,qu\u00e9 busca asistir a personas usuarias con TUS y a sus familias.. Ver m\u00e1s Descargar formulario Observaci\u00f3n Escribir con letra imprenta los datos a consignar en la [&hellip;]<\/p>\n","protected":false},"author":1,"featured_media":0,"parent":0,"menu_order":0,"comment_status":"closed","ping_status":"closed","template":"","meta":{"site-sidebar-layout":"no-sidebar","site-content-layout":"page-builder","ast-site-content-layout":"full-width-container","site-content-style":"unboxed","site-sidebar-style":"unboxed","ast-global-header-display":"","ast-banner-title-visibility":"","ast-main-header-display":"","ast-hfb-above-header-display":"","ast-hfb-below-header-display":"","ast-hfb-mobile-header-display":"","site-post-title":"disabled","ast-breadcrumbs-content":"disabled","ast-featured-img":"disabled","footer-sml-layout":"","theme-transparent-header-meta":"enabled","adv-header-id-meta":"","stick-header-meta":"","header-above-stick-meta":"","header-main-stick-meta":"","header-below-stick-meta":"","astra-migrate-meta-layouts":"set","ast-page-background-enabled":"default","ast-page-background-meta":{"desktop":{"background-color":"","background-image":"","background-repeat":"repeat","background-position":"center center","background-size":"auto","background-attachment":"scroll","background-type":"","background-media":"","overlay-type":"","overlay-color":"","overlay-opacity":"","overlay-gradient":""},"tablet":{"background-color":"","background-image":"","background-repeat":"repeat","background-position":"center center","background-size":"auto","background-attachment":"scroll","background-type":"","background-media":"","overlay-type":"","overlay-color":"","overlay-opacity":"","overlay-gradient":""},"mobile":{"background-color":"","background-image":"","background-repeat":"repeat","background-position":"center center","background-size":"auto","background-attachment":"scroll","background-type":"","background-media":"","overlay-type":"","overlay-color":"","overlay-opacity":"","overlay-gradient":""}},"ast-content-background-meta":{"desktop":{"background-color":"var(--ast-global-color-5)","background-image":"","background-repeat":"repeat","background-position":"center center","background-size":"auto","background-attachment":"scroll","background-type":"","background-media":"","overlay-type":"","overlay-color":"","overlay-opacity":"","overlay-gradient":""},"tablet":{"background-color":"var(--ast-global-color-5)","background-image":"","background-repeat":"repeat","background-position":"center center","background-size":"auto","background-attachment":"scroll","background-type":"","background-media":"","overlay-type":"","overlay-color":"","overlay-opacity":"","overlay-gradient":""},"mobile":{"background-color":"var(--ast-global-color-5)","background-image":"","background-repeat":"repeat","background-position":"center center","background-size":"auto","background-attachment":"scroll","background-type":"","background-media":"","overlay-type":"","overlay-color":"","overlay-opacity":"","overlay-gradient":""}},"footnotes":""},"class_list":["post-6","page","type-page","status-publish","hentry"],"_links":{"self":[{"href":"https:\/\/apctus.org\/WEB\/wp-json\/wp\/v2\/pages\/6","targetHints":{"allow":["GET"]}}],"collection":[{"href":"https:\/\/apctus.org\/WEB\/wp-json\/wp\/v2\/pages"}],"about":[{"href":"https:\/\/apctus.org\/WEB\/wp-json\/wp\/v2\/types\/page"}],"author":[{"embeddable":true,"href":"https:\/\/apctus.org\/WEB\/wp-json\/wp\/v2\/users\/1"}],"replies":[{"embeddable":true,"href":"https:\/\/apctus.org\/WEB\/wp-json\/wp\/v2\/comments?post=6"}],"version-history":[{"count":74,"href":"https:\/\/apctus.org\/WEB\/wp-json\/wp\/v2\/pages\/6\/revisions"}],"predecessor-version":[{"id":1507,"href":"https:\/\/apctus.org\/WEB\/wp-json\/wp\/v2\/pages\/6\/revisions\/1507"}],"wp:attachment":[{"href":"https:\/\/apctus.org\/WEB\/wp-json\/wp\/v2\/media?parent=6"}],"curies":[{"name":"wp","href":"https:\/\/api.w.org\/{rel}","templated":true}]}}